{"id":6,"date":"2013-05-26T21:12:06","date_gmt":"2013-05-26T21:12:06","guid":{"rendered":"http:\/\/www.trevisani.es\/?page_id=6"},"modified":"2015-08-10T16:02:53","modified_gmt":"2015-08-10T16:02:53","slug":"contactanos","status":"publish","type":"page","link":"http:\/\/www.trevisani.es\/index.php\/contactanos\/","title":{"rendered":"Cont\u00e1ctanos"},"content":{"rendered":"<p><!--:gl-->Se todav\u00eda tes d\u00fabidas&#8230;<\/p>\n<p>Se queres que che axudemos a sacar adiante o teu proxecto&#8230;<\/p>\n<style type=\"text\/css\"><!--\nP { margin-bottom: 0.21cm; direction: ltr; color: rgb(0, 0, 0); }P.western { font-family: \"Times New Roman\",serif; font-size: 12pt; }P.cjk { font-family: \"SimSun\",\"\u5b8b\u4f53\"; font-size: 12pt; }P.ctl { font-family: \"Mangal\",serif; font-size: 12pt; }\n--><\/style>\n<p>Se ca\u00edches na conta de que somos a mellor empresa para o teu evento&#8230;<\/p>\n<p>Se queres propornos algo imposible&#8230;<\/p>\n<p>&#8230;aqu\u00ed poder\u00e1s localizarnos:<\/p>\n<p><a href=\"https:\/\/www.trevisani.es\/wp-content\/uploads\/2013\/05\/mapaTrevi.jpg\"><img fetchpriority=\"high\" decoding=\"async\" class=\"aligncenter\" alt=\"mapaTrevi\" src=\"https:\/\/www.trevisani.es\/wp-content\/uploads\/2013\/05\/mapaTrevi.jpg\" width=\"640\" height=\"400\" \/><\/a><\/p>\n<p style=\"text-align: right;\">Rep\u00fablica do Salvador n\u00ba 8, terceira pranta<\/p>\n<p style=\"text-align: right;\">15705 Santiago de Compostela<\/p>\n<p lang=\"en-GB\" style=\"text-align: right;\">Tlf: (0034) <strong>981 592 333<\/strong><\/p>\n<p lang=\"en-GB\" style=\"text-align: right;\">trevisani(arroba)trevisani.es<\/p>\n<p lang=\"en-GB\" style=\"text-align: right;\">[contact-form-7 id=\u00bb817&#8243; title=\u00bbFormulario de contacto 1&#8243;]<\/p>\n<p><!--:--><!--:es-->Si todav\u00eda tienes dudas &#8230;<\/p>\n<p>Si quieres que te ayudemos a plantear tu proyecto&#8230;<\/p>\n<p>Si te has dado cuenta de que somos la mejor empresa para tu evento&#8230;<\/p>\n<p>Si quieres proponernos algo imposible&#8230;<\/p>\n<p>&#8230;aqu\u00ed podr\u00e1s localizarnos:<\/p>\n<p><iframe src=\"https:\/\/mapsengine.google.com\/map\/embed?mid=zymaicshp0aU.kCBaANcO4lyA\" width=\"640\" height=\"480\"><\/iframe><\/p>\n<p>Rep\u00fablica del Salvador n\u00ba 8, tercera planta<\/p>\n<p>15705 Santiago de Compostela<\/p>\n<p lang=\"en-GB\">Tlf: (0034) <strong>981 592 333<\/strong><\/p>\n<p lang=\"en-GB\"><strong>trevisani@trevisani.es<\/strong><\/p>\n<p lang=\"en-GB\">[contact-form-7 id=\u00bb817&#8243; title=\u00bbFormulario de contacto 1&#8243;]<\/p>\n<p><!--:--><\/p>\n","protected":false},"excerpt":{"rendered":"<p>Se todav\u00eda tes d\u00fabidas&#8230; Se queres que che axudemos a sacar adiante o teu proxecto&#8230; Se ca\u00edches na conta de que somos a mellor empresa para o teu evento&#8230; Se queres propornos algo imposible&#8230; &#8230;aqu\u00ed poder\u00e1s localizarnos: Rep\u00fablica do Salvador n\u00ba 8, terceira pranta 15705 Santiago de Compostela Tlf: (0034) 981 592 333 trevisani(arroba)trevisani.es [contact-form-7 [&hellip;]<\/p>\n","protected":false},"author":1,"featured_media":346,"parent":0,"menu_order":0,"comment_status":"closed","ping_status":"closed","template":"","meta":{"footnotes":""},"class_list":["post-6","page","type-page","status-publish","has-post-thumbnail","hentry"],"_links":{"self":[{"href":"https:\/\/www.trevisani.es\/index.php\/wp-json\/wp\/v2\/pages\/6","targetHints":{"allow":["GET"]}}],"collection":[{"href":"https:\/\/www.trevisani.es\/index.php\/wp-json\/wp\/v2\/pages"}],"about":[{"href":"https:\/\/www.trevisani.es\/index.php\/wp-json\/wp\/v2\/types\/page"}],"author":[{"embeddable":true,"href":"https:\/\/www.trevisani.es\/index.php\/wp-json\/wp\/v2\/users\/1"}],"replies":[{"embeddable":true,"href":"https:\/\/www.trevisani.es\/index.php\/wp-json\/wp\/v2\/comments?post=6"}],"version-history":[{"count":26,"href":"https:\/\/www.trevisani.es\/index.php\/wp-json\/wp\/v2\/pages\/6\/revisions"}],"predecessor-version":[{"id":1995,"href":"https:\/\/www.trevisani.es\/index.php\/wp-json\/wp\/v2\/pages\/6\/revisions\/1995"}],"wp:featuredmedia":[{"embeddable":true,"href":"https:\/\/www.trevisani.es\/index.php\/wp-json\/wp\/v2\/media\/346"}],"wp:attachment":[{"href":"https:\/\/www.trevisani.es\/index.php\/wp-json\/wp\/v2\/media?parent=6"}],"curies":[{"name":"wp","href":"https:\/\/api.w.org\/{rel}","templated":true}]}}