{"id":4865,"date":"2026-02-10T20:15:49","date_gmt":"2026-02-10T20:15:49","guid":{"rendered":"http:\/\/www.trevisani.es\/?page_id=4865"},"modified":"2026-05-14T16:28:37","modified_gmt":"2026-05-14T16:28:37","slug":"servicios","status":"publish","type":"page","link":"http:\/\/www.trevisani.es\/index.php\/servicios\/","title":{"rendered":"Servicios"},"content":{"rendered":"\t\t<div data-elementor-type=\"wp-page\" data-elementor-id=\"4865\" class=\"elementor elementor-4865\" data-elementor-post-type=\"page\">\n\t\t\t\t<div class=\"elementor-element elementor-element-6b8009c e-flex e-con-boxed e-con e-parent\" data-id=\"6b8009c\" data-element_type=\"container\">\n\t\t\t\t\t<div class=\"e-con-inner\">\n\t\t\t\t<div class=\"elementor-element elementor-element-71f2449 elementor-widget elementor-widget-html\" data-id=\"71f2449\" data-element_type=\"widget\" data-widget_type=\"html.default\">\n\t\t\t\t\t<section class=\"tre-services-section\">\n\n  <div class=\"tre-services-heading\">\n    <p>Servicios<\/p>\n    <h2>\n      Todo lo que tiene que ver\n      con eventos. Incluso aquello\n      que nadie ha hecho antes.\n    <\/h2>\n  <\/div>\n\n  <div class=\"tre-services-list\">\n\n    <article class=\"tre-service-item\">\n      <div class=\"tre-service-number\">01<\/div>\n\n      <div class=\"tre-service-content\">\n        <div class=\"tre-service-title\">\n          <h3>Congresos y ferias<\/h3>\n          <p>Los mejores escaparates, con los mejores profesionales<\/p>\n        <\/div>\n\n        <div class=\"tre-service-text\">\n          <p>\n            Organizaci\u00f3n integral de congresos y eventos corporativos: secretar\u00edas t\u00e9cnicas, exposiciones comerciales y patrocinios, programas sociales y reuniones de empresa, en gran y peque\u00f1o formato.\n          <\/p>\n        <\/div>\n      <\/div>\n    <\/article>\n\n    <article class=\"tre-service-item\">\n      <div class=\"tre-service-number\">02<\/div>\n\n      <div class=\"tre-service-content\">\n        <div class=\"tre-service-title\">\n          <h3>Protocolo y Relaciones P\u00fablicas<\/h3>\n          <p>Porque sabemos que la forma tambi\u00e9n comunica.<\/p>\n        <\/div>\n\n        <div class=\"tre-service-text\">\n          <p>\n            Dise\u00f1o y gesti\u00f3n de actos: galas, presentaciones, inauguraciones, entregas de premios.\n          <\/p>\n\n          <p>\n            Gesti\u00f3n de RR.PP. adaptada a cada acto, bases de datos, confirmaciones, ordenamiento protocolario y coordinaci\u00f3n de equipos.\n          <\/p>\n\n          <p>\n            Protocolo de actos multitudinarios: galas, entregas de premios, estrenos cinematogr\u00e1ficos, conciertos.\n          <\/p>\n        <\/div>\n      <\/div>\n    <\/article>\n\n    <article class=\"tre-service-item\">\n      <div class=\"tre-service-number\">03<\/div>\n\n      <div class=\"tre-service-content\">\n        <div class=\"tre-service-title\">\n          <h3>Producci\u00f3n de eventos<\/h3>\n          <p>Hacemos que las ideas cobren vida.<\/p>\n        <\/div>\n\n        <div class=\"tre-service-text\">\n          <p>\n            Producci\u00f3n y montaje, localizaciones, escenograf\u00edas, dise\u00f1o t\u00e9cnico, iluminaci\u00f3n, sonido, imagen, estructuras ef\u00edmeras, ambientaci\u00f3n, decoraci\u00f3n, merchandising y catering.\n          <\/p>\n        <\/div>\n      <\/div>\n    <\/article>\n\n    <article class=\"tre-service-item\">\n      <div class=\"tre-service-number\">04<\/div>\n\n      <div class=\"tre-service-content\">\n        <div class=\"tre-service-title\">\n          <h3>Estrategias de comunicaci\u00f3n<\/h3>\n          <p>Un buen evento tambi\u00e9n debe saberse contar.<\/p>\n        <\/div>\n\n        <div class=\"tre-service-text\">\n          <p>\n            Dise\u00f1o y puesta en marcha de campa\u00f1as adaptadas a cada evento.\n          <\/p>\n\n          <p>\n            Comunicaci\u00f3n, posicionamiento, dinamizaci\u00f3n social y cultural, gesti\u00f3n de medios y gabinete de prensa.\n          <\/p>\n        <\/div>\n      <\/div>\n    <\/article>\n\n    <article class=\"tre-service-item\">\n      <div class=\"tre-service-number\">05<\/div>\n\n      <div class=\"tre-service-content\">\n        <div class=\"tre-service-title\">\n          <h3>Incentivos<\/h3>\n          <p>Porque sabemos lo que significa mimar.<\/p>\n        <\/div>\n\n        <div class=\"tre-service-text\">\n          <p>\n            Dise\u00f1amos experiencias \u00fanicas y personalizadas: cultura, enogastronom\u00eda, moda, deporte, ocio activo y espect\u00e1culos. Experiencias inmersivas en el territorio.\n          <\/p>\n\n          <p>\n            Asistencia personalizada, traslados y gesti\u00f3n de estancias.\n          <\/p>\n        <\/div>\n      <\/div>\n    <\/article>\n\n    <article class=\"tre-service-item\">\n      <div class=\"tre-service-number\">06<\/div>\n\n      <div class=\"tre-service-content\">\n        <div class=\"tre-service-title\">\n          <h3>Recursos Humanos<\/h3>\n          <p>Y si necesitas apoyo, lo tenemos<\/p>\n        <\/div>\n\n        <div class=\"tre-service-text\">\n          <p>\n            Adem\u00e1s de nuestro staff habitual, contamos con personal especializado: coordinadores, responsables de grupo, azafatas y auxiliares de protocolo y RR. PP., personal biling\u00fce, gu\u00edas, int\u00e9rpretes y t\u00e9cnicos.\n          <\/p>\n        <\/div>\n      <\/div>\n    <\/article>\n\n  <\/div>\n\n<\/section>\t\t\t\t<\/div>\n\t\t\t\t\t<\/div>\n\t\t\t\t<\/div>\n\t\t<div class=\"elementor-element elementor-element-c503e35 elementor-hidden-desktop elementor-hidden-tablet elementor-hidden-mobile e-flex e-con-boxed e-con e-parent\" data-id=\"c503e35\" data-element_type=\"container\">\n\t\t\t\t\t<div class=\"e-con-inner\">\n\t\t<div class=\"elementor-element elementor-element-5027c85 e-con-full e-flex e-con e-child\" data-id=\"5027c85\" data-element_type=\"container\">\n\t\t\t\t<div class=\"elementor-element elementor-element-6b5c6a3 elementor-widget elementor-widget-heading\" data-id=\"6b5c6a3\" data-element_type=\"widget\" data-widget_type=\"heading.default\">\n\t\t\t\t\t<h2 class=\"elementor-heading-title elementor-size-default\">servicios<\/h2>\t\t\t\t<\/div>\n\t\t\t\t<\/div>\n\t\t<div class=\"elementor-element elementor-element-5822b85 e-con-full e-flex e-con e-child\" data-id=\"5822b85\" data-element_type=\"container\">\n\t\t\t\t<div class=\"elementor-element elementor-element-c6f6a28 elementor-widget elementor-widget-text-editor\" data-id=\"c6f6a28\" data-element_type=\"widget\" data-widget_type=\"text-editor.default\">\n\t\t\t\t\t\t\t\t\t<p style=\"text-align: right;\">Todo lo que tiene que ver con eventos. Incluso aquello que nadie ha hecho antes.<\/p>\t\t\t\t\t\t\t\t<\/div>\n\t\t\t\t<\/div>\n\t\t\t\t\t<\/div>\n\t\t\t\t<\/div>\n\t\t<div class=\"elementor-element elementor-element-1f1589c8 e-con-full elementor-hidden-desktop elementor-hidden-tablet elementor-hidden-mobile e-flex e-con e-parent\" data-id=\"1f1589c8\" data-element_type=\"container\" data-settings=\"{&quot;background_background&quot;:&quot;classic&quot;}\">\n\t\t<div class=\"elementor-element elementor-element-18ad6999 e-con-full e-flex e-con e-child\" data-id=\"18ad6999\" data-element_type=\"container\">\n\t\t<div class=\"elementor-element elementor-element-53df91f5 e-con-full e-flex e-con e-child\" data-id=\"53df91f5\" data-element_type=\"container\">\n\t\t\t\t<div class=\"elementor-element elementor-element-d5eb043 elementor-widget elementor-widget-image\" data-id=\"d5eb043\" data-element_type=\"widget\" data-widget_type=\"image.default\">\n\t\t\t\t\t\t\t\t\t\t\t\t\t\t\t<img decoding=\"async\" src=\"https:\/\/www.trevisani.es\/wp-content\/plugins\/elementor\/assets\/images\/placeholder.png\" title=\"\" alt=\"\" loading=\"lazy\" \/>\t\t\t\t\t\t\t\t\t\t\t\t\t\t\t<\/div>\n\t\t\t\t<div class=\"elementor-element elementor-element-a434ffe animated-slow elementor-widget-divider--view-line elementor-invisible elementor-widget elementor-widget-divider\" data-id=\"a434ffe\" data-element_type=\"widget\" data-settings=\"{&quot;_animation&quot;:&quot;fadeIn&quot;}\" data-widget_type=\"divider.default\">\n\t\t\t\t\t\t\t<div class=\"elementor-divider\">\n\t\t\t<span class=\"elementor-divider-separator\">\n\t\t\t\t\t\t<\/span>\n\t\t<\/div>\n\t\t\t\t\t\t<\/div>\n\t\t\t\t<div class=\"elementor-element elementor-element-9714ea8 elementor-widget elementor-widget-heading\" data-id=\"9714ea8\" data-element_type=\"widget\" data-widget_type=\"heading.default\">\n\t\t\t\t\t<h2 class=\"elementor-heading-title elementor-size-default\">Congresos y ferias\n<\/h2>\t\t\t\t<\/div>\n\t\t\t\t<div class=\"elementor-element elementor-element-e605441 elementor-widget elementor-widget-text-editor\" data-id=\"e605441\" data-element_type=\"widget\" data-widget_type=\"text-editor.default\">\n\t\t\t\t\t\t\t\t\t<p><strong>Los mejores escaparates, con los mejores profesionales.<\/strong><\/p><p>Organizaci\u00f3n integral de congresos y eventos corporativos: secretar\u00edas t\u00e9cnicas, exposiciones comerciales y patrocinios, programas sociales y reuniones de empresa, en gran y peque\u00f1o formato.<\/p>\t\t\t\t\t\t\t\t<\/div>\n\t\t\t\t<\/div>\n\t\t<div class=\"elementor-element elementor-element-bb9539e e-con-full e-flex e-con e-child\" data-id=\"bb9539e\" data-element_type=\"container\">\n\t\t\t\t<div class=\"elementor-element elementor-element-5ab9405 elementor-widget elementor-widget-image\" data-id=\"5ab9405\" data-element_type=\"widget\" data-widget_type=\"image.default\">\n\t\t\t\t\t\t\t\t\t\t\t\t\t\t\t<img decoding=\"async\" src=\"https:\/\/www.trevisani.es\/wp-content\/plugins\/elementor\/assets\/images\/placeholder.png\" title=\"\" alt=\"\" loading=\"lazy\" \/>\t\t\t\t\t\t\t\t\t\t\t\t\t\t\t<\/div>\n\t\t\t\t<div class=\"elementor-element elementor-element-1992741 animated-slow elementor-widget-divider--view-line elementor-invisible elementor-widget elementor-widget-divider\" data-id=\"1992741\" data-element_type=\"widget\" data-settings=\"{&quot;_animation&quot;:&quot;fadeIn&quot;}\" data-widget_type=\"divider.default\">\n\t\t\t\t\t\t\t<div class=\"elementor-divider\">\n\t\t\t<span class=\"elementor-divider-separator\">\n\t\t\t\t\t\t<\/span>\n\t\t<\/div>\n\t\t\t\t\t\t<\/div>\n\t\t\t\t<div class=\"elementor-element elementor-element-a21c43f elementor-widget elementor-widget-heading\" data-id=\"a21c43f\" data-element_type=\"widget\" data-widget_type=\"heading.default\">\n\t\t\t\t\t<h2 class=\"elementor-heading-title elementor-size-default\">Protocolo y <br>Relaciones P\u00fablicas<\/h2>\t\t\t\t<\/div>\n\t\t\t\t<div class=\"elementor-element elementor-element-2b6acec elementor-widget elementor-widget-text-editor\" data-id=\"2b6acec\" data-element_type=\"widget\" data-widget_type=\"text-editor.default\">\n\t\t\t\t\t\t\t\t\t<div><p><strong>Porque sabemos que la forma tambi\u00e9n comunica.<\/strong><\/p><\/div><div><p>Dise\u00f1o y gesti\u00f3n de actos: galas, presentaciones, inauguraciones, entregas de premios<\/p><p>Gesti\u00f3n de RR.PP. adaptada a cada acto, bases de datos, confirmaciones, ordenamiento protocolario y coordinaci\u00f3n de equipos.<\/p><p>Protocolo de actos multitudinarios: galas, entregas de premios, estrenos cinematogr\u00e1ficos, conciertos.<\/p><\/div>\t\t\t\t\t\t\t\t<\/div>\n\t\t\t\t<\/div>\n\t\t\t\t<\/div>\n\t\t<div class=\"elementor-element elementor-element-3c7cbd3 e-con-full e-flex e-con e-child\" data-id=\"3c7cbd3\" data-element_type=\"container\">\n\t\t<div class=\"elementor-element elementor-element-512168b e-con-full e-flex e-con e-child\" data-id=\"512168b\" data-element_type=\"container\">\n\t\t\t\t<div class=\"elementor-element elementor-element-46a608a elementor-widget elementor-widget-image\" data-id=\"46a608a\" data-element_type=\"widget\" data-widget_type=\"image.default\">\n\t\t\t\t\t\t\t\t\t\t\t\t\t\t\t<img decoding=\"async\" src=\"https:\/\/www.trevisani.es\/wp-content\/plugins\/elementor\/assets\/images\/placeholder.png\" title=\"\" alt=\"\" loading=\"lazy\" \/>\t\t\t\t\t\t\t\t\t\t\t\t\t\t\t<\/div>\n\t\t\t\t<div class=\"elementor-element elementor-element-79373d2 animated-slow elementor-widget-divider--view-line elementor-invisible elementor-widget elementor-widget-divider\" data-id=\"79373d2\" data-element_type=\"widget\" data-settings=\"{&quot;_animation&quot;:&quot;fadeIn&quot;}\" data-widget_type=\"divider.default\">\n\t\t\t\t\t\t\t<div class=\"elementor-divider\">\n\t\t\t<span class=\"elementor-divider-separator\">\n\t\t\t\t\t\t<\/span>\n\t\t<\/div>\n\t\t\t\t\t\t<\/div>\n\t\t\t\t<div class=\"elementor-element elementor-element-2065982 elementor-widget elementor-widget-heading\" data-id=\"2065982\" data-element_type=\"widget\" data-widget_type=\"heading.default\">\n\t\t\t\t\t<h2 class=\"elementor-heading-title elementor-size-default\">Producci\u00f3n de eventos\n<\/h2>\t\t\t\t<\/div>\n\t\t\t\t<div class=\"elementor-element elementor-element-440979a elementor-widget elementor-widget-text-editor\" data-id=\"440979a\" data-element_type=\"widget\" data-widget_type=\"text-editor.default\">\n\t\t\t\t\t\t\t\t\t<div><p><strong>Hacemos que las ideas cobren vida.<\/strong><\/p><p>Producci\u00f3n y montaje, localizaciones, escenograf\u00edas, dise\u00f1o t\u00e9cnico, iluminaci\u00f3n, sonido, imagen, estructuras ef\u00edmeras, ambientaci\u00f3n, decoraci\u00f3n, merchandising y catering.<\/p><\/div>\t\t\t\t\t\t\t\t<\/div>\n\t\t\t\t<\/div>\n\t\t<div class=\"elementor-element elementor-element-98b8794 e-con-full e-flex e-con e-child\" data-id=\"98b8794\" data-element_type=\"container\">\n\t\t\t\t<div class=\"elementor-element elementor-element-8abea2c elementor-widget elementor-widget-image\" data-id=\"8abea2c\" data-element_type=\"widget\" data-widget_type=\"image.default\">\n\t\t\t\t\t\t\t\t\t\t\t\t\t\t\t<img decoding=\"async\" src=\"https:\/\/www.trevisani.es\/wp-content\/plugins\/elementor\/assets\/images\/placeholder.png\" title=\"\" alt=\"\" loading=\"lazy\" \/>\t\t\t\t\t\t\t\t\t\t\t\t\t\t\t<\/div>\n\t\t\t\t<div class=\"elementor-element elementor-element-07cef7c animated-slow elementor-widget-divider--view-line elementor-invisible elementor-widget elementor-widget-divider\" data-id=\"07cef7c\" data-element_type=\"widget\" data-settings=\"{&quot;_animation&quot;:&quot;fadeIn&quot;}\" data-widget_type=\"divider.default\">\n\t\t\t\t\t\t\t<div class=\"elementor-divider\">\n\t\t\t<span class=\"elementor-divider-separator\">\n\t\t\t\t\t\t<\/span>\n\t\t<\/div>\n\t\t\t\t\t\t<\/div>\n\t\t\t\t<div class=\"elementor-element elementor-element-9ebc099 elementor-widget elementor-widget-heading\" data-id=\"9ebc099\" data-element_type=\"widget\" data-widget_type=\"heading.default\">\n\t\t\t\t\t<h2 class=\"elementor-heading-title elementor-size-default\">Estrategias de comunicaci\u00f3n<\/h2>\t\t\t\t<\/div>\n\t\t\t\t<div class=\"elementor-element elementor-element-7ad0a9b elementor-widget elementor-widget-text-editor\" data-id=\"7ad0a9b\" data-element_type=\"widget\" data-widget_type=\"text-editor.default\">\n\t\t\t\t\t\t\t\t\t<div><p><strong>Un buen evento tambi\u00e9n debe saberse contar.<\/strong><\/p><p>Dise\u00f1o y puesta en marcha de campa\u00f1as adaptadas a cada evento.<\/p><p>Comunicaci\u00f3n, posicionamiento, dinamizaci\u00f3n social y cultural, gesti\u00f3n de medios y gabinete de prensa.<\/p><\/div>\t\t\t\t\t\t\t\t<\/div>\n\t\t\t\t<\/div>\n\t\t\t\t<\/div>\n\t\t<div class=\"elementor-element elementor-element-6e5e347 e-con-full e-flex e-con e-child\" data-id=\"6e5e347\" data-element_type=\"container\">\n\t\t<div class=\"elementor-element elementor-element-17d8be9 e-con-full e-flex e-con e-child\" data-id=\"17d8be9\" data-element_type=\"container\">\n\t\t\t\t<div class=\"elementor-element elementor-element-0f5fca2 elementor-widget elementor-widget-image\" data-id=\"0f5fca2\" data-element_type=\"widget\" data-widget_type=\"image.default\">\n\t\t\t\t\t\t\t\t\t\t\t\t\t\t\t<img decoding=\"async\" src=\"https:\/\/www.trevisani.es\/wp-content\/plugins\/elementor\/assets\/images\/placeholder.png\" title=\"\" alt=\"\" loading=\"lazy\" \/>\t\t\t\t\t\t\t\t\t\t\t\t\t\t\t<\/div>\n\t\t\t\t<div class=\"elementor-element elementor-element-2339d17 animated-slow elementor-widget-divider--view-line elementor-invisible elementor-widget elementor-widget-divider\" data-id=\"2339d17\" data-element_type=\"widget\" data-settings=\"{&quot;_animation&quot;:&quot;fadeIn&quot;}\" data-widget_type=\"divider.default\">\n\t\t\t\t\t\t\t<div class=\"elementor-divider\">\n\t\t\t<span class=\"elementor-divider-separator\">\n\t\t\t\t\t\t<\/span>\n\t\t<\/div>\n\t\t\t\t\t\t<\/div>\n\t\t\t\t<div class=\"elementor-element elementor-element-c0a8f39 elementor-widget elementor-widget-heading\" data-id=\"c0a8f39\" data-element_type=\"widget\" data-widget_type=\"heading.default\">\n\t\t\t\t\t<h2 class=\"elementor-heading-title elementor-size-default\">Incentivos\n<\/h2>\t\t\t\t<\/div>\n\t\t\t\t<div class=\"elementor-element elementor-element-e969a37 elementor-widget elementor-widget-text-editor\" data-id=\"e969a37\" data-element_type=\"widget\" data-widget_type=\"text-editor.default\">\n\t\t\t\t\t\t\t\t\t<div><p><strong>Porque sabemos lo que significa mimar.<\/strong><\/p><p>Dise\u00f1amos experiencias \u00fanicas y personalizadas: cultura, enogastronom\u00eda, moda, deporte, ocio activo y espect\u00e1culos. Experiencias inmersivas en el territorio.<\/p><p>Asistencia personalizada, traslados y gesti\u00f3n de estancias.<\/p><\/div>\t\t\t\t\t\t\t\t<\/div>\n\t\t\t\t<\/div>\n\t\t<div class=\"elementor-element elementor-element-ee24b68 e-con-full e-flex e-con e-child\" data-id=\"ee24b68\" data-element_type=\"container\">\n\t\t\t\t<div class=\"elementor-element elementor-element-0242331 elementor-widget elementor-widget-image\" data-id=\"0242331\" data-element_type=\"widget\" data-widget_type=\"image.default\">\n\t\t\t\t\t\t\t\t\t\t\t\t\t\t\t<img decoding=\"async\" src=\"https:\/\/www.trevisani.es\/wp-content\/plugins\/elementor\/assets\/images\/placeholder.png\" title=\"\" alt=\"\" loading=\"lazy\" \/>\t\t\t\t\t\t\t\t\t\t\t\t\t\t\t<\/div>\n\t\t\t\t<div class=\"elementor-element elementor-element-2800bfb animated-slow elementor-widget-divider--view-line elementor-invisible elementor-widget elementor-widget-divider\" data-id=\"2800bfb\" data-element_type=\"widget\" data-settings=\"{&quot;_animation&quot;:&quot;fadeIn&quot;}\" data-widget_type=\"divider.default\">\n\t\t\t\t\t\t\t<div class=\"elementor-divider\">\n\t\t\t<span class=\"elementor-divider-separator\">\n\t\t\t\t\t\t<\/span>\n\t\t<\/div>\n\t\t\t\t\t\t<\/div>\n\t\t\t\t<div class=\"elementor-element elementor-element-58edf74 elementor-widget elementor-widget-heading\" data-id=\"58edf74\" data-element_type=\"widget\" data-widget_type=\"heading.default\">\n\t\t\t\t\t<h2 class=\"elementor-heading-title elementor-size-default\">Recursos Humanos\n<\/h2>\t\t\t\t<\/div>\n\t\t\t\t<div class=\"elementor-element elementor-element-fd2bcb2 elementor-widget elementor-widget-text-editor\" data-id=\"fd2bcb2\" data-element_type=\"widget\" data-widget_type=\"text-editor.default\">\n\t\t\t\t\t\t\t\t\t<div><p><strong>Y si necesitas apoyo, lo tenemos<\/strong><\/p><p>Adem\u00e1s de nuestro staff habitual, contamos con personal especializado:<\/p><p>coordinadores, responsables de grupo, azafatas y auxiliares de protocolo y RR. PP., personal biling\u00fce, gu\u00edas, int\u00e9rpretes y t\u00e9cnicos.<\/p><\/div>\t\t\t\t\t\t\t\t<\/div>\n\t\t\t\t<\/div>\n\t\t\t\t<\/div>\n\t\t\t\t<\/div>\n\t\t<div class=\"elementor-element elementor-element-750d0b5c e-con-full e-flex e-con e-parent\" data-id=\"750d0b5c\" data-element_type=\"container\" data-settings=\"{&quot;background_background&quot;:&quot;classic&quot;}\">\n\t\t\t\t<div class=\"elementor-element elementor-element-238392b elementor-widget elementor-widget-image\" data-id=\"238392b\" data-element_type=\"widget\" data-widget_type=\"image.default\">\n\t\t\t\t\t\t\t\t\t\t\t\t\t\t\t<img fetchpriority=\"high\" decoding=\"async\" width=\"616\" height=\"1024\" src=\"https:\/\/www.trevisani.es\/wp-content\/uploads\/2026\/02\/servicios-icono-616x1024.png\" class=\"attachment-large size-large wp-image-5409\" alt=\"\" srcset=\"https:\/\/www.trevisani.es\/wp-content\/uploads\/2026\/02\/servicios-icono-616x1024.png 616w, https:\/\/www.trevisani.es\/wp-content\/uploads\/2026\/02\/servicios-icono-180x300.png 180w, https:\/\/www.trevisani.es\/wp-content\/uploads\/2026\/02\/servicios-icono-768x1277.png 768w, https:\/\/www.trevisani.es\/wp-content\/uploads\/2026\/02\/servicios-icono-924x1536.png 924w, https:\/\/www.trevisani.es\/wp-content\/uploads\/2026\/02\/servicios-icono-1232x2048.png 1232w, https:\/\/www.trevisani.es\/wp-content\/uploads\/2026\/02\/servicios-icono.png 1274w\" sizes=\"(max-width: 616px) 100vw, 616px\" \/>\t\t\t\t\t\t\t\t\t\t\t\t\t\t\t<\/div>\n\t\t\t\t<div class=\"elementor-element elementor-element-11a4c775 elementor-widget elementor-widget-text-editor\" data-id=\"11a4c775\" data-element_type=\"widget\" data-widget_type=\"text-editor.default\">\n\t\t\t\t\t\t\t\t\t<p>Descarga aqu\u00ed nuestro dossier de personal<\/p>\t\t\t\t\t\t\t\t<\/div>\n\t\t\t\t<div class=\"elementor-element elementor-element-ae67753 elementor-widget elementor-widget-button\" data-id=\"ae67753\" data-element_type=\"widget\" data-widget_type=\"button.default\">\n\t\t\t\t\t\t\t\t\t\t<a class=\"elementor-button elementor-button-link elementor-size-sm\" href=\"#\">\n\t\t\t\t\t\t<span class=\"elementor-button-content-wrapper\">\n\t\t\t\t\t\t\t\t\t<span class=\"elementor-button-text\">Dossier de personal<\/span>\n\t\t\t\t\t<\/span>\n\t\t\t\t\t<\/a>\n\t\t\t\t\t\t\t\t<\/div>\n\t\t\t\t<\/div>\n\t\t\t\t<\/div>\n\t\t","protected":false},"excerpt":{"rendered":"<p>Servicios Todo lo que tiene que ver con eventos. Incluso aquello que nadie ha hecho antes. 01 Congresos y ferias Los mejores escaparates, con los mejores profesionales Organizaci\u00f3n integral de congresos y eventos corporativos: secretar\u00edas t\u00e9cnicas, exposiciones comerciales y patrocinios, programas sociales y reuniones de empresa, en gran y peque\u00f1o formato. 02 Protocolo y Relaciones [&hellip;]<\/p>\n","protected":false},"author":1,"featured_media":0,"parent":0,"menu_order":0,"comment_status":"closed","ping_status":"closed","template":"","meta":{"footnotes":""},"class_list":["post-4865","page","type-page","status-publish","hentry"],"_links":{"self":[{"href":"https:\/\/www.trevisani.es\/index.php\/wp-json\/wp\/v2\/pages\/4865","targetHints":{"allow":["GET"]}}],"collection":[{"href":"https:\/\/www.trevisani.es\/index.php\/wp-json\/wp\/v2\/pages"}],"about":[{"href":"https:\/\/www.trevisani.es\/index.php\/wp-json\/wp\/v2\/types\/page"}],"author":[{"embeddable":true,"href":"https:\/\/www.trevisani.es\/index.php\/wp-json\/wp\/v2\/users\/1"}],"replies":[{"embeddable":true,"href":"https:\/\/www.trevisani.es\/index.php\/wp-json\/wp\/v2\/comments?post=4865"}],"version-history":[{"count":64,"href":"https:\/\/www.trevisani.es\/index.php\/wp-json\/wp\/v2\/pages\/4865\/revisions"}],"predecessor-version":[{"id":5979,"href":"https:\/\/www.trevisani.es\/index.php\/wp-json\/wp\/v2\/pages\/4865\/revisions\/5979"}],"wp:attachment":[{"href":"https:\/\/www.trevisani.es\/index.php\/wp-json\/wp\/v2\/media?parent=4865"}],"curies":[{"name":"wp","href":"https:\/\/api.w.org\/{rel}","templated":true}]}}