{"id":44,"date":"2013-05-26T21:50:04","date_gmt":"2013-05-26T21:50:04","guid":{"rendered":"http:\/\/www.trevisani.es\/?page_id=44"},"modified":"2015-08-10T16:09:07","modified_gmt":"2015-08-10T16:09:07","slug":"nuestros-servicios-2","status":"publish","type":"page","link":"http:\/\/www.trevisani.es\/index.php\/nuestros-servicios-2\/","title":{"rendered":"<!--:es-->Nuestros Servicios<!--:--><!--:gl-->Os nosos Servizos<!--:-->"},"content":{"rendered":"<p><!--:gl--><\/p>\n<style type=\"text\/css\"><!--\nP { margin-bottom: 0.21cm; direction: ltr; color: rgb(0, 0, 0); }P.western { font-family: \"Times New Roman\",serif; font-size: 12pt; }P.cjk { font-family: \"SimSun\",\"\u5b8b\u4f53\"; font-size: 12pt; }P.ctl { font-family: \"Mangal\",serif; font-size: 12pt; }\n--><\/style>\n<p>Todo o que ten que ver cos eventos;\u00a0 incluso iso que ningu\u00e9n fixo antes.\u00a0O imposible, o dif\u00edcil, o que outros non prometen. Todo iso\u00a0e m\u00e1is,\u00a0\u00e1 t\u00faa disposici\u00f3n:<\/p>\n<blockquote>\n<p align=\"justify\"><strong>Os mellores escaparates, cos mellores profesionais<\/strong><\/p>\n<\/blockquote>\n<h3 align=\"justify\"><span style=\"color: #bc2605;\"><strong>Congresos\u00a0e feiras<\/strong><\/span><\/h3>\n<p align=\"justify\">Secretar\u00edas t\u00e9cnicas. Mailings\u00a0e xesti\u00f3n de inscrici\u00f3ns. Xesti\u00f3n de relatores. Xesti\u00f3n de exposici\u00f3ns comerciais\u00a0e patrocinios. Organizaci\u00f3n de programas sociais. Reuni\u00f3ns de empresa. Grande e pequeno formato.<\/p>\n<blockquote>\n<p align=\"justify\"><strong>O teu\u00a0\u00e9xito\u00a0\u00e9 a nosa mellor publicidade<\/strong><\/p>\n<\/blockquote>\n<h3 align=\"justify\"><span style=\"color: #bc2605;\"><strong>Protocolo\u00a0e relaci\u00f3ns p\u00fablicas<\/strong><\/span><\/h3>\n<p align=\"justify\">Dese\u00f1o de actos: galas, presentaci\u00f3ns, inauguraci\u00f3ns\u2026 Xesti\u00f3n de rr.pp. adaptada a cada acto. Creaci\u00f3n\u00a0e mantemento de BB.DD. Seguemento\u00a0e confirmaci\u00f3ns de asistencias. Ordenamento protocolario. Protocolo de actos multitudinarios: entregas de premios, estreas cinematogr\u00e1ficas, concertos\u2026 Coordinaci\u00f3n de equipos de traballo.<\/p>\n<blockquote>\n<p align=\"justify\"><strong>Todos os aspectos t\u00e9cnicos do teu evento, ao detalle<\/strong><\/p>\n<\/blockquote>\n<h3 align=\"justify\"><span style=\"color: #bc2605;\"><strong>Produci\u00f3n de eventos<\/strong><\/span><\/h3>\n<p align=\"justify\">Produci\u00f3n\u00a0e montaxe de eventos. Localizaci\u00f3ns. Escenograf\u00edas, dese\u00f1o\u00a0e montaxe. Servizos t\u00e9cnicos (iluminaci\u00f3n, imaxe, son, \u2026). Estruturas ef\u00edmeras. Alugamento e montaxe. Rotulaci\u00f3n\u00a0e carteler\u00eda. Ambientaci\u00f3n\u00a0e decoraci\u00f3n. Merchandising. Catering.<\/p>\n<blockquote>\n<p align=\"justify\"><strong>Queremos p\u00f3r en valor o teu evento<\/strong><\/p>\n<\/blockquote>\n<h3 align=\"justify\"><span style=\"color: #bc2605;\"><strong>Estratexias de comunicaci\u00f3n<\/strong><\/span><\/h3>\n<p align=\"justify\">Dese\u00f1o\u00a0e posta en marcha de campa\u00f1as espec\u00edficas, adaptadas\u00a0\u00e1 comunicaci\u00f3n de cada evento. Campa\u00f1as de posicionamiento de produtos no mercado. Campa\u00f1as de dinamizaci\u00f3n social, cultural\u2026 Comunicaci\u00f3n\u00a0e xesti\u00f3n de medios de cada proxecto. Gabinete de prensa.<\/p>\n<blockquote>\n<p align=\"justify\"><strong>Porque sabemos facer as cousas con agarimo<\/strong><\/p>\n<\/blockquote>\n<h3 align=\"justify\"><span style=\"color: #bc2605;\"><strong>Incentivos<\/strong><\/span><\/h3>\n<p align=\"justify\">Dese\u00f1o personalizado de actividades\u00a0e programas: cultura, enogastronom\u00eda, moda, deporte, ocio activo, espect\u00e1culos\u2026 Asistencia personalizada\u00a0e exclusiva. Operativa de traslados. Xesti\u00f3n de estancias.<\/p>\n<blockquote>\n<p align=\"justify\"><strong>E\u00a0se necesitas m\u00e1is apoio, busc\u00e1molo<\/strong><\/p>\n<\/blockquote>\n<h3 align=\"justify\"><span style=\"color: #bc2605;\"><strong>Recursos Humanos<\/strong><\/span><\/h3>\n<p align=\"justify\">Ademais do staff habitual, contamos cun equipo de auxiliares en diversas \u00e1reas: coordinadores\u00a0e responsables de grupos, azafatas\u00a0e auxiliares de protocolo\u00a0e rr.pp., azafatas\u00a0e auxiliares biling\u00fces, gu\u00edas, int\u00e9rpretes, t\u00e9cnicos.<\/p>\n<p><!--:--><!--:es-->Todo lo que tiene que ver con <strong>eventos<\/strong>; aquello incluso que nadie haya hecho antes. Lo imposible, lo dif\u00edcil, lo que otros no te prometen. Todo eso y m\u00e1s, a tu disposici\u00f3n:<\/p>\n<blockquote>\n<p align=\"justify\"><strong>Los mejores escaparates, con los mejores profesionales<\/strong><\/p>\n<\/blockquote>\n<h3 align=\"justify\"><span style=\"color: #bc2605;\"><strong>Congresos y ferias<\/strong><\/span><\/h3>\n<p align=\"justify\">Secretar\u00edas t\u00e9cnicas. Mailings y gesti\u00f3n de inscripciones. Gesti\u00f3n de ponentes. Gesti\u00f3n de exposiciones comerciales y patrocinios. Organizaci\u00f3n de programas sociales. Reuniones de empresa. Gran y peque\u00f1o formato.<\/p>\n<blockquote>\n<p align=\"justify\"><strong>Tu \u00e9xito es nuestra mejor publicidad<\/strong><\/p>\n<\/blockquote>\n<h3 align=\"justify\"><span style=\"color: #bc2605;\"><strong>Protocolo y relaciones p\u00fablicas<\/strong><\/span><\/h3>\n<p align=\"justify\">Dise\u00f1o de actos: galas, presentaciones, inauguraciones\u2026 Gesti\u00f3n de rr.pp. adaptada a cada acto. Creaci\u00f3n y mantenimiento de BB.DD. Seguimiento y confirmaciones de asistencias. Ordenamiento protocolario. Protocolo de actos multitudinarios: entregas de premios, estrenos cinematogr\u00e1ficos, conciertos\u2026 Coordinaci\u00f3n de equipos de trabajo.<\/p>\n<blockquote>\n<p align=\"justify\"><strong>Todos los aspectos t\u00e9cnicos de tu evento, a detalle<\/strong><\/p>\n<\/blockquote>\n<h3 align=\"justify\"><span style=\"color: #bc2605;\"><strong>Producci\u00f3n de eventos<\/strong><\/span><\/h3>\n<p align=\"justify\">Producci\u00f3n y montaje de eventos. Localizaciones. Escenograf\u00edas, dise\u00f1o y montaje. Servicios t\u00e9cnicos (iluminaci\u00f3n, imagen, sonido, \u2026). Estructuras ef\u00edmeras. Alquiler y montaje. Rotulaci\u00f3n y carteler\u00eda. Ambientaci\u00f3n y decoraci\u00f3n. Merchandising. Catering.<\/p>\n<blockquote>\n<p align=\"justify\"><strong>Queremos poner en valor tu evento<\/strong><\/p>\n<\/blockquote>\n<h3 align=\"justify\"><span style=\"color: #bc2605;\"><strong>Estrategias de comunicaci\u00f3n<\/strong><\/span><\/h3>\n<p align=\"justify\">Dise\u00f1o y puesta en marcha de campa\u00f1as espec\u00edficas, adaptadas a la comunicaci\u00f3n de cada evento. Campa\u00f1as de posicionamiento de productos en el mercado. Campa\u00f1as de dinamizaci\u00f3n social, cultural\u2026 Comunicaci\u00f3n y gesti\u00f3n de medios de cada proyecto. Gabinete de prensa.<\/p>\n<blockquote>\n<p align=\"justify\"><strong>Porque sabemos qu\u00e9 significa mimar<\/strong><\/p>\n<\/blockquote>\n<h3 align=\"justify\"><span style=\"color: #bc2605;\"><strong>Incentivos<\/strong><\/span><\/h3>\n<p align=\"justify\">Dise\u00f1o personalizado de actividades y programas: cultura, enogastronom\u00eda, moda, deporte, ocio activo, espect\u00e1culos\u2026 Asistencia personalizada y exclusiva. Operativa de traslados. Gesti\u00f3n de estancias.<\/p>\n<blockquote>\n<p align=\"justify\"><strong>Y si necesitas m\u00e1s apoyo, lo buscamos<\/strong><\/p>\n<\/blockquote>\n<h3 align=\"justify\"><span style=\"color: #bc2605;\"><strong>Recursos Humanos<\/strong><\/span><\/h3>\n<p align=\"justify\">Adem\u00e1s del staff habitual, contamos con un equipo de auxiliares en diversas \u00e1reas: coordinadores y responsables de grupos, azafatas y auxiliares de protocolo y rr.pp., azafatas y auxiliares biling\u00fces, gu\u00edas, int\u00e9rpretes, t\u00e9cnicos.<\/p>\n<p><!--:--><\/p>\n","protected":false},"excerpt":{"rendered":"<p>Todo o que ten que ver cos eventos;\u00a0 incluso iso que ningu\u00e9n fixo antes.\u00a0O imposible, o dif\u00edcil, o que outros non prometen. Todo iso\u00a0e m\u00e1is,\u00a0\u00e1 t\u00faa disposici\u00f3n: Os mellores escaparates, cos mellores profesionais Congresos\u00a0e feiras Secretar\u00edas t\u00e9cnicas. Mailings\u00a0e xesti\u00f3n de inscrici\u00f3ns. Xesti\u00f3n de relatores. Xesti\u00f3n de exposici\u00f3ns comerciais\u00a0e patrocinios. Organizaci\u00f3n de programas sociais. Reuni\u00f3ns de [&hellip;]<\/p>\n","protected":false},"author":1,"featured_media":0,"parent":0,"menu_order":0,"comment_status":"closed","ping_status":"closed","template":"template-landing-page.php","meta":{"footnotes":""},"class_list":["post-44","page","type-page","status-publish","hentry"],"_links":{"self":[{"href":"https:\/\/www.trevisani.es\/index.php\/wp-json\/wp\/v2\/pages\/44","targetHints":{"allow":["GET"]}}],"collection":[{"href":"https:\/\/www.trevisani.es\/index.php\/wp-json\/wp\/v2\/pages"}],"about":[{"href":"https:\/\/www.trevisani.es\/index.php\/wp-json\/wp\/v2\/types\/page"}],"author":[{"embeddable":true,"href":"https:\/\/www.trevisani.es\/index.php\/wp-json\/wp\/v2\/users\/1"}],"replies":[{"embeddable":true,"href":"https:\/\/www.trevisani.es\/index.php\/wp-json\/wp\/v2\/comments?post=44"}],"version-history":[{"count":27,"href":"https:\/\/www.trevisani.es\/index.php\/wp-json\/wp\/v2\/pages\/44\/revisions"}],"predecessor-version":[{"id":1997,"href":"https:\/\/www.trevisani.es\/index.php\/wp-json\/wp\/v2\/pages\/44\/revisions\/1997"}],"wp:attachment":[{"href":"https:\/\/www.trevisani.es\/index.php\/wp-json\/wp\/v2\/media?parent=44"}],"curies":[{"name":"wp","href":"https:\/\/api.w.org\/{rel}","templated":true}]}}