{"id":12,"date":"2013-05-26T21:13:31","date_gmt":"2013-05-26T21:13:31","guid":{"rendered":"http:\/\/www.trevisani.es\/?page_id=12"},"modified":"2015-08-10T16:11:14","modified_gmt":"2015-08-10T16:11:14","slug":"que-es-trevisani","status":"publish","type":"page","link":"http:\/\/www.trevisani.es\/index.php\/que-es-trevisani\/","title":{"rendered":"<!--:es-->Elige Trevisani&#8230;<!--:--><!--:gl-->Escolle Trevisani&#8230;<!--:-->"},"content":{"rendered":"<p><!--:gl--><\/p>\n<style type=\"text\/css\"><!--\nP { margin-bottom: 0.21cm; direction: ltr; color: rgb(0, 0, 0); }P.western { font-family: \"Times New Roman\",serif; font-size: 12pt; }P.cjk { font-family: \"SimSun\",\"\u5b8b\u4f53\"; font-size: 12pt; }P.ctl { font-family: \"Mangal\",serif; font-size: 12pt; }\n--><\/style>\n<h2>Con<span style=\"color: #bc2605;\"><strong>\u00a0<\/strong><\/span><span style=\"color: #bc2605;\"><strong>i<\/strong><\/span>\u00a0de <span style=\"color: #000000;\">Trev<span style=\"color: #bc2605;\">i<\/span>san<\/span><span style=\"color: #bc2605;\">i<\/span><strong><span style=\"color: #000000;\"><br \/>\n<\/span><\/strong><\/h2>\n<p>M\u00e1is ca explicarche que somos unha empresa de eventos (&#8230; e todo iso que xa m\u00e1is ou menos sabes), queremos contarche como somos.<\/p>\n<h3><span style=\"color: #bc2605;\"><strong>implicaci\u00f3n<\/strong><\/span><\/h3>\n<p>Cada proyecto es, para nosotros, un reto. Nos paramos en cada detalle porque todo es importante.<\/p>\n<h3><span style=\"color: #bc2605;\"><strong>instinto<\/strong><\/span><\/h3>\n<p>20 a\u00f1os de experiencia perm\u00edtennos adiantarnos, intu\u00edr e aconsellarte. Temos as claves.<\/p>\n<h3><span style=\"color: #bc2605;\"><strong>ilusi\u00f3n<\/strong><\/span><\/h3>\n<p>Non fan falla m\u00e1is explicaci\u00f3ns. Sabes, mellor ca ningu\u00e9n, que este este factor marca a diferenza.<span style=\"color: #000000;\">\u00a0<\/span><\/p>\n<h3><span style=\"color: #bc2605;\"><strong>incansables<\/strong><\/span><\/h3>\n<p>G\u00fastanos o noso traballo, nunca nos cansaremos de facelo. E facelo ben.<\/p>\n<h1><span style=\"color: #000000;\">Por que debes escollernos para os teus eventos?\u00a0<\/span><\/h1>\n<p><b>Porque enc\u00e1ntanvos os retos. <\/b><strong>P\u00cdDENOS O IMPOSIBLE.<\/strong><\/p>\n<h3>M\u00e1is de <span style=\"color: #bc2605;\"><strong>20 anos de experiencia<\/strong><\/span> dan para moito&#8230;<\/h3>\n<h3>M\u00e1is de <span style=\"color: #bc2605;\"><strong>1200 eventos<\/strong><\/span> organizados<\/h3>\n<h3>M\u00e1is de <span style=\"color: #bc2605;\"><strong>200 clientes<\/strong><\/span> contentos co noso servizo<\/h3>\n<h3>M\u00e1is de <span style=\"color: #bc2605;\"><strong>150.000 asistentes<\/strong> <\/span>satisfeitos<\/h3>\n<h3>M\u00e1is de <span style=\"color: #bc2605;\"><strong>10 mill\u00f3ns de euros<\/strong><\/span> facturados nos nosos eventos.<\/h3>\n<p>Deixa nas nosas mans a organizaci\u00f3n do teu evento. Seguiremos cumprindo anos, sumando \u00e9xitos.<\/p>\n<p><a title=\"Nuestros trabajos\" href=\"https:\/\/www.trevisani.es\/?cat=52\">Invit\u00e1mosche a que vexas alg\u00fans dos nosos traballos<\/a>, son a nosa mellor presentaci\u00f3n.<!--:--><!--:es--><\/p>\n<h2>Con<span style=\"color: #bc2605;\"><strong>\u00a0<\/strong><\/span><span style=\"color: #bc2605;\"><strong>i<\/strong><\/span>\u00a0de <span style=\"color: #000000;\">Trev<span style=\"color: #bc2605;\">i<\/span>san<\/span><span style=\"color: #bc2605;\">i<\/span><strong><span style=\"color: #000000;\"><br \/>\n<\/span><\/strong><\/h2>\n<p>M\u00e1s que explicarte que somos una <strong>agencia de organizaci\u00f3n integral de eventos<\/strong> (&#8230; y todo eso que ya m\u00e1s o menos sabes), queremos contarte c\u00f3mo somos.<\/p>\n<h3><span style=\"color: #bc2605;\"><strong>implicaci\u00f3n<\/strong><\/span><\/h3>\n<p>Cada proyecto es, para nosotros, un reto. Nos paramos en cada detalle porque todo es importante.<\/p>\n<h3><span style=\"color: #bc2605;\"><strong>instinto<\/strong><\/span><\/h3>\n<p>20 a\u00f1os de experiencia nos permiten adelantarnos, intuir y aconsejarte. Tenemos las claves.<\/p>\n<h3><span style=\"color: #bc2605;\"><strong>ilusi\u00f3n<\/strong><\/span><\/h3>\n<p>No hacen falta m\u00e1s explicaciones. Sabes, mejor que nadie, que este factor marca la diferencia.<span style=\"color: #000000;\">\u00a0<\/span><\/p>\n<h3><span style=\"color: #bc2605;\"><strong>incansables<\/strong><\/span><\/h3>\n<p>Nos gusta nuestro trabajo, nunca nos cansaremos de hacerlo. Y hacerlo bien.<\/p>\n<h1><span style=\"color: #000000;\">\u00bfPor qu\u00e9 debes elegirnos para tus eventos?\u00a0<\/span><\/h1>\n<p><b>Porque os encantan los retos. <\/b><strong>P\u00cdDENOS LO IMPOSIBLE.<\/strong><\/p>\n<h3>M\u00e1s de <span style=\"color: #bc2605;\"><strong>20 a\u00f1os de experiencia<\/strong><\/span> dan para mucho&#8230;<\/h3>\n<h3>M\u00e1s de <span style=\"color: #bc2605;\"><strong>1200 eventos<\/strong><\/span> organizados<\/h3>\n<h3>M\u00e1s de <span style=\"color: #bc2605;\"><strong>200 clientes<\/strong><\/span> contentos con nuestro servicio<\/h3>\n<h3>M\u00e1s de <span style=\"color: #bc2605;\"><strong>150.000 asistentes<\/strong> <\/span>satisfechos<\/h3>\n<h3>M\u00e1s de <span style=\"color: #bc2605;\"><strong>10 millones de euros<\/strong><\/span> facturados en nuestros eventos.<\/h3>\n<p>Deja en nuestras manos la organizaci\u00f3n de tu evento. Seguiremos cumpliendo a\u00f1os, sumando \u00e9xitos.<\/p>\n<p><a title=\"Nuestros trabajos\" href=\"https:\/\/www.trevisani.es\/?cat=52\">Te invitamos a que veas algunos de nuestros trabajos<\/a>, son nuestra mejor presentaci\u00f3n.<!--:--><\/p>\n","protected":false},"excerpt":{"rendered":"<p>Con\u00a0i\u00a0de Trevisani M\u00e1is ca explicarche que somos unha empresa de eventos (&#8230; e todo iso que xa m\u00e1is ou menos sabes), queremos contarche como somos. implicaci\u00f3n Cada proyecto es, para nosotros, un reto. Nos paramos en cada detalle porque todo es importante. instinto 20 a\u00f1os de experiencia perm\u00edtennos adiantarnos, intu\u00edr e aconsellarte. Temos as claves. [&hellip;]<\/p>\n","protected":false},"author":1,"featured_media":346,"parent":0,"menu_order":0,"comment_status":"closed","ping_status":"closed","template":"template-landing-page.php","meta":{"footnotes":""},"class_list":["post-12","page","type-page","status-publish","has-post-thumbnail","hentry"],"_links":{"self":[{"href":"https:\/\/www.trevisani.es\/index.php\/wp-json\/wp\/v2\/pages\/12","targetHints":{"allow":["GET"]}}],"collection":[{"href":"https:\/\/www.trevisani.es\/index.php\/wp-json\/wp\/v2\/pages"}],"about":[{"href":"https:\/\/www.trevisani.es\/index.php\/wp-json\/wp\/v2\/types\/page"}],"author":[{"embeddable":true,"href":"https:\/\/www.trevisani.es\/index.php\/wp-json\/wp\/v2\/users\/1"}],"replies":[{"embeddable":true,"href":"https:\/\/www.trevisani.es\/index.php\/wp-json\/wp\/v2\/comments?post=12"}],"version-history":[{"count":38,"href":"https:\/\/www.trevisani.es\/index.php\/wp-json\/wp\/v2\/pages\/12\/revisions"}],"predecessor-version":[{"id":4733,"href":"https:\/\/www.trevisani.es\/index.php\/wp-json\/wp\/v2\/pages\/12\/revisions\/4733"}],"wp:featuredmedia":[{"embeddable":true,"href":"https:\/\/www.trevisani.es\/index.php\/wp-json\/wp\/v2\/media\/346"}],"wp:attachment":[{"href":"https:\/\/www.trevisani.es\/index.php\/wp-json\/wp\/v2\/media?parent=12"}],"curies":[{"name":"wp","href":"https:\/\/api.w.org\/{rel}","templated":true}]}}